{"id":611,"date":"2019-08-29T15:33:18","date_gmt":"2019-08-29T13:33:18","guid":{"rendered":"https:\/\/www.proliferating.ch\/impressum\/"},"modified":"2023-09-11T13:59:49","modified_gmt":"2023-09-11T11:59:49","slug":"impressum","status":"publish","type":"page","link":"https:\/\/www.proliferating.ch\/fr\/impressum\/","title":{"rendered":"Impressum"},"content":{"rendered":"\n<p><\/p>\n\n\n\n<hr class=\"wp-block-separator\"\/>\n\n\n\n<p class=\"has-text-align-center\"><strong>Verantwortlich f\u00fcr den Inhalt der Seiten<\/strong><br>Verein Marsch f\u00fcrs Leben<\/p>\n\n\n\n<p class=\"has-text-align-center\"><br><strong>Verein Marsch f\u00fcrs L\u00e4be<\/strong><br>Postadresse: Marsch f\u00fcrs L\u00e4be, 8046 Z\u00fcrich<br>+41 (0)77 404 7895<br><a href=\"https:\/\/www.marschfuerslaebe.ch\/\" target=\"_blank\" rel=\"noreferrer noopener\">www.marschfuerslaebe.ch<\/a><\/p>\n\n\n\n<p class=\"has-text-align-center\"><strong>Pr\u00e4sidentin<\/strong><br>Beatrice Gall<\/p>\n\n\n\n<p class=\"has-text-align-center\"><strong>Haftungsbeschr\u00e4nkung<\/strong><br>Trotz sorgf\u00e4ltiger Kontrolle \u00fcbernehmen wir keine Haftung f\u00fcr die Inhalte externer Links. <br>F\u00fcr den Inhalt der verlinkten Seiten sind ausschliesslich deren Betreiber verantwortlich.<\/p>\n\n\n\n<hr class=\"wp-block-separator\"\/>\n","protected":false},"excerpt":{"rendered":"<p>Verantwortlich f\u00fcr den Inhalt der SeitenVerein Marsch f\u00fcrs Leben Verein Marsch f\u00fcrs L\u00e4bePostadresse: Marsch f\u00fcrs L\u00e4be, 8046 Z\u00fcrich+41 (0)77 404 7895www.marschfuerslaebe.ch Pr\u00e4sidentinBeatrice Gall Haftungsbeschr\u00e4nkungTrotz sorgf\u00e4ltiger Kontrolle \u00fcbernehmen wir keine Haftung f\u00fcr die Inhalte externer Links. F\u00fcr den Inhalt der verlinkten Seiten sind ausschliesslich deren Betreiber verantwortlich.<\/p>\n","protected":false},"author":1,"featured_media":0,"parent":0,"menu_order":0,"comment_status":"closed","ping_status":"closed","template":"","meta":{"footnotes":""},"class_list":["post-611","page","type-page","status-publish","hentry"],"_links":{"self":[{"href":"https:\/\/www.proliferating.ch\/fr\/wp-json\/wp\/v2\/pages\/611","targetHints":{"allow":["GET"]}}],"collection":[{"href":"https:\/\/www.proliferating.ch\/fr\/wp-json\/wp\/v2\/pages"}],"about":[{"href":"https:\/\/www.proliferating.ch\/fr\/wp-json\/wp\/v2\/types\/page"}],"author":[{"embeddable":true,"href":"https:\/\/www.proliferating.ch\/fr\/wp-json\/wp\/v2\/users\/1"}],"replies":[{"embeddable":true,"href":"https:\/\/www.proliferating.ch\/fr\/wp-json\/wp\/v2\/comments?post=611"}],"version-history":[{"count":7,"href":"https:\/\/www.proliferating.ch\/fr\/wp-json\/wp\/v2\/pages\/611\/revisions"}],"predecessor-version":[{"id":803,"href":"https:\/\/www.proliferating.ch\/fr\/wp-json\/wp\/v2\/pages\/611\/revisions\/803"}],"wp:attachment":[{"href":"https:\/\/www.proliferating.ch\/fr\/wp-json\/wp\/v2\/media?parent=611"}],"curies":[{"name":"wp","href":"https:\/\/api.w.org\/{rel}","templated":true}]}}