{"id":701,"date":"2019-09-03T11:00:31","date_gmt":"2019-09-03T09:00:31","guid":{"rendered":"https:\/\/www.proliferating.ch\/?page_id=701"},"modified":"2023-09-06T14:53:57","modified_gmt":"2023-09-06T12:53:57","slug":"portrait","status":"publish","type":"page","link":"https:\/\/www.proliferating.ch\/fr\/portrait\/","title":{"rendered":"\u00c0 propos de nous"},"content":{"rendered":"\t\t<div data-elementor-type=\"wp-post\" data-elementor-id=\"701\" class=\"elementor elementor-701 elementor-25\">\n\t\t\t\t\t\t<section class=\"elementor-section elementor-top-section elementor-element elementor-element-686e5a82 elementor-section-boxed elementor-section-height-default elementor-section-height-default\" data-id=\"686e5a82\" data-element_type=\"section\" data-e-type=\"section\">\n\t\t\t\t\t\t<div class=\"elementor-container elementor-column-gap-default\">\n\t\t\t\t\t<div class=\"elementor-column elementor-col-100 elementor-top-column elementor-element elementor-element-815b89a\" data-id=\"815b89a\" data-element_type=\"column\" data-e-type=\"column\">\n\t\t\t<div class=\"elementor-widget-wrap elementor-element-populated\">\n\t\t\t\t\t\t<div class=\"elementor-element elementor-element-239e68f elementor-widget elementor-widget-text-editor\" data-id=\"239e68f\" data-element_type=\"widget\" data-e-type=\"widget\" data-widget_type=\"text-editor.default\">\n\t\t\t\t<div class=\"elementor-widget-container\">\n\t\t\t\t\t\t\t\t\t\n<p>Onze mille interruptions de grossesses sont pratiqu\u00e9es en Suisse chaque ann\u00e9e, dont 5 pour cent m\u00eame apr\u00e8s la douzi\u00e8me semaine de grossesse. En Marche pour la Vie s\u2019est politiquement engag\u00e9e pour assurer un meilleur soutien \u00e0 la protection des enfants \u00e0 na\u00eetre. Elle regroupe divers organismes et associations ayant pour objectif de diminuer autant que possible le nombre d\u2019avortements.<\/p>\n\n<p>Les \u00e9lections au Conseil des \u00c9tats et au Conseil national auront lieu <strong>le 22 octobre 2023<\/strong>. Suivant les cantons, les \u00e9lecteurs et \u00e9lectrices peuvent choisir parmi jusqu\u2019\u00e0 mille candidat(e)s : et ce en fonction de quels crit\u00e8res<\/p>\n\n<p>Les scores ProLife vous proposent une s\u00e9lection des plus ardents d\u00e9fenseurs de la vie des enfants \u00e0 na\u00eetre. Ces r\u00e9sultats sont bas\u00e9s sur les r\u00e9ponses \u00e0 19 questions autour de la th\u00e9matique du droit \u00e0 la vie. Nous vous prions de bien vouloir porter votre choix sur ceux dont les r\u00e9ponses marquent le plus nettement leur engagement.<\/p>\n\n<h2>Kontaktformular<\/h2>\n\n\n<div class=\"wpcf7 no-js\" id=\"wpcf7-f715-o1\" lang=\"de-DE\" dir=\"ltr\" data-wpcf7-id=\"715\">\n<div class=\"screen-reader-response\"><p role=\"status\" aria-live=\"polite\" aria-atomic=\"true\"><\/p> <ul><\/ul><\/div>\n<form action=\"\/fr\/wp-json\/wp\/v2\/pages\/701#wpcf7-f715-o1\" method=\"post\" class=\"wpcf7-form init\" aria-label=\"Kontaktformular\" novalidate=\"novalidate\" data-status=\"init\">\n<fieldset class=\"hidden-fields-container\"><input type=\"hidden\" name=\"_wpcf7\" value=\"715\" \/><input type=\"hidden\" name=\"_wpcf7_version\" value=\"6.1.5\" \/><input type=\"hidden\" name=\"_wpcf7_locale\" value=\"de_DE\" \/><input type=\"hidden\" name=\"_wpcf7_unit_tag\" value=\"wpcf7-f715-o1\" \/><input type=\"hidden\" name=\"_wpcf7_container_post\" value=\"0\" \/><input type=\"hidden\" name=\"_wpcf7_posted_data_hash\" value=\"\" \/>\n<\/fieldset>\n<p><label> Ihr Name (Pflichtfeld)<br \/>\n<span class=\"wpcf7-form-control-wrap\" data-name=\"your-name\"><input size=\"40\" maxlength=\"400\" class=\"wpcf7-form-control wpcf7-text wpcf7-validates-as-required\" aria-required=\"true\" aria-invalid=\"false\" value=\"\" type=\"text\" name=\"your-name\" \/><\/span> <\/label>\n<\/p>\n<p><label> Ihre E-Mail-Adresse (Pflichtfeld)<br \/>\n<span class=\"wpcf7-form-control-wrap\" data-name=\"your-email\"><input size=\"40\" maxlength=\"400\" class=\"wpcf7-form-control wpcf7-email wpcf7-validates-as-required wpcf7-text wpcf7-validates-as-email\" aria-required=\"true\" aria-invalid=\"false\" value=\"\" type=\"email\" name=\"your-email\" \/><\/span> <\/label>\n<\/p>\n<p><label> Betreff<br \/>\n<span class=\"wpcf7-form-control-wrap\" data-name=\"your-subject\"><input size=\"40\" maxlength=\"400\" class=\"wpcf7-form-control wpcf7-text\" aria-invalid=\"false\" value=\"\" type=\"text\" name=\"your-subject\" \/><\/span> <\/label>\n<\/p>\n<p><label> Ihre Nachricht<br \/>\n<span class=\"wpcf7-form-control-wrap\" data-name=\"your-message\"><textarea cols=\"40\" rows=\"10\" maxlength=\"2000\" class=\"wpcf7-form-control wpcf7-textarea\" aria-invalid=\"false\" name=\"your-message\"><\/textarea><\/span> <\/label>\n<\/p>\n<p><input class=\"wpcf7-form-control wpcf7-submit has-spinner\" type=\"submit\" value=\"Senden\" \/>\n<\/p><div class=\"wpcf7-response-output\" aria-hidden=\"true\"><\/div>\n<\/form>\n<\/div>\n\n\t\t\t\t\t\t\t\t<\/div>\n\t\t\t\t<\/div>\n\t\t\t\t\t<\/div>\n\t\t<\/div>\n\t\t\t\t\t<\/div>\n\t\t<\/section>\n\t\t\t\t<\/div>\n\t\t","protected":false},"excerpt":{"rendered":"<p>Onze mille interruptions de grossesses sont pratiqu\u00e9es en Suisse chaque ann\u00e9e, dont 5 pour cent m\u00eame apr\u00e8s la douzi\u00e8me semaine de grossesse. En Marche pour la Vie s\u2019est politiquement engag\u00e9e pour assurer un meilleur soutien \u00e0 la protection des enfants \u00e0 na\u00eetre. Elle regroupe divers organismes et associations ayant pour objectif de diminuer autant que&hellip;<\/p>\n","protected":false},"author":1,"featured_media":0,"parent":0,"menu_order":0,"comment_status":"closed","ping_status":"closed","template":"","meta":{"footnotes":""},"class_list":["post-701","page","type-page","status-publish","hentry"],"_links":{"self":[{"href":"https:\/\/www.proliferating.ch\/fr\/wp-json\/wp\/v2\/pages\/701","targetHints":{"allow":["GET"]}}],"collection":[{"href":"https:\/\/www.proliferating.ch\/fr\/wp-json\/wp\/v2\/pages"}],"about":[{"href":"https:\/\/www.proliferating.ch\/fr\/wp-json\/wp\/v2\/types\/page"}],"author":[{"embeddable":true,"href":"https:\/\/www.proliferating.ch\/fr\/wp-json\/wp\/v2\/users\/1"}],"replies":[{"embeddable":true,"href":"https:\/\/www.proliferating.ch\/fr\/wp-json\/wp\/v2\/comments?post=701"}],"version-history":[{"count":6,"href":"https:\/\/www.proliferating.ch\/fr\/wp-json\/wp\/v2\/pages\/701\/revisions"}],"predecessor-version":[{"id":795,"href":"https:\/\/www.proliferating.ch\/fr\/wp-json\/wp\/v2\/pages\/701\/revisions\/795"}],"wp:attachment":[{"href":"https:\/\/www.proliferating.ch\/fr\/wp-json\/wp\/v2\/media?parent=701"}],"curies":[{"name":"wp","href":"https:\/\/api.w.org\/{rel}","templated":true}]}}